{"id":440,"date":"2021-10-14T15:46:42","date_gmt":"2021-10-14T15:46:42","guid":{"rendered":"https:\/\/www.indarfor.it\/?page_id=440"},"modified":"2021-10-29T14:48:56","modified_gmt":"2021-10-29T14:48:56","slug":"tirocini-in-azienda","status":"publish","type":"page","link":"https:\/\/www.indarfor.it\/index.php\/tirocini-in-azienda\/","title":{"rendered":"Tirocini in azienda"},"content":{"rendered":"\t\t<div data-elementor-type=\"wp-page\" data-elementor-id=\"440\" class=\"elementor elementor-440\" data-elementor-post-type=\"page\">\n\t\t\t\t\t\t<section class=\"elementor-section elementor-top-section elementor-element elementor-element-6fbb9134 elementor-section-height-min-height elementor-section-boxed elementor-section-height-default elementor-section-items-middle\" data-id=\"6fbb9134\" data-element_type=\"section\" data-settings=\"{&quot;background_background&quot;:&quot;classic&quot;}\">\n\t\t\t\t\t\t\t<div class=\"elementor-background-overlay\"><\/div>\n\t\t\t\t\t\t\t<div class=\"elementor-container elementor-column-gap-default\">\n\t\t\t\t\t<div class=\"elementor-column elementor-col-100 elementor-top-column elementor-element elementor-element-54fd5023\" data-id=\"54fd5023\" data-element_type=\"column\">\n\t\t\t<div class=\"elementor-widget-wrap elementor-element-populated\">\n\t\t\t\t\t\t<div class=\"elementor-element elementor-element-11403c15 elementor-widget elementor-widget-heading\" data-id=\"11403c15\" data-element_type=\"widget\" data-widget_type=\"heading.default\">\n\t\t\t\t<div class=\"elementor-widget-container\">\n\t\t\t\t\t<h1 class=\"elementor-heading-title elementor-size-default\">Tirocini in azienda<\/h1>\t\t\t\t<\/div>\n\t\t\t\t<\/div>\n\t\t\t\t\t<\/div>\n\t\t<\/div>\n\t\t\t\t\t<\/div>\n\t\t<\/section>\n\t\t\t\t<section class=\"elementor-section elementor-top-section elementor-element elementor-element-6fdc0e5 elementor-section-boxed elementor-section-height-default elementor-section-height-default\" data-id=\"6fdc0e5\" data-element_type=\"section\">\n\t\t\t\t\t\t<div class=\"elementor-container elementor-column-gap-default\">\n\t\t\t\t\t<div class=\"elementor-column elementor-col-100 elementor-top-column elementor-element elementor-element-c8569b8\" data-id=\"c8569b8\" data-element_type=\"column\">\n\t\t\t<div class=\"elementor-widget-wrap elementor-element-populated\">\n\t\t\t\t\t\t<div class=\"elementor-element elementor-element-b44d36b elementor-widget elementor-widget-spacer\" data-id=\"b44d36b\" data-element_type=\"widget\" data-widget_type=\"spacer.default\">\n\t\t\t\t<div class=\"elementor-widget-container\">\n\t\t\t\t\t\t\t<div class=\"elementor-spacer\">\n\t\t\t<div class=\"elementor-spacer-inner\"><\/div>\n\t\t<\/div>\n\t\t\t\t\t\t<\/div>\n\t\t\t\t<\/div>\n\t\t\t\t<div class=\"elementor-element elementor-element-243c990 elementor-widget elementor-widget-heading\" data-id=\"243c990\" data-element_type=\"widget\" data-widget_type=\"heading.default\">\n\t\t\t\t<div class=\"elementor-widget-container\">\n\t\t\t\t\t<span class=\"elementor-heading-title elementor-size-large\">I vantaggi dell\u2019attivazione dei tirocini da parte di INDAR Formazione e Sviluppo:\n<\/span>\t\t\t\t<\/div>\n\t\t\t\t<\/div>\n\t\t\t\t<div class=\"elementor-element elementor-element-fe5b292 elementor-widget elementor-widget-text-editor\" data-id=\"fe5b292\" data-element_type=\"widget\" data-widget_type=\"text-editor.default\">\n\t\t\t\t<div class=\"elementor-widget-container\">\n\t\t\t\t\t\t\t\t\t<ul><li>Attivazione dei tirocini entro 3 giorni lavorativi!<\/li><li>Maggiore flessibilit\u00e0 contrattuale e risparmio economico!<\/li><li>Supporto nella selezione dei candidati!<\/li><li>Possibilit\u00e0 di far conoscere ai candidati la realt\u00e0 operativa prima dell\u2019assunzione!<\/li><li>Possibilit\u00e0 di conoscere al meglio i candidati osservandoli sul campo prima dell\u2019assunzione<\/li><\/ul>\t\t\t\t\t\t\t\t<\/div>\n\t\t\t\t<\/div>\n\t\t\t\t<div class=\"elementor-element elementor-element-a7b1496 elementor-widget elementor-widget-text-editor\" data-id=\"a7b1496\" data-element_type=\"widget\" data-widget_type=\"text-editor.default\">\n\t\t\t\t<div class=\"elementor-widget-container\">\n\t\t\t\t\t\t\t\t\t<p>Il\u00a0<strong>tirocinio in azienda<\/strong>\u00a0rappresenta la fase pratica della formazione individuale, un periodo finalizzato all\u2019apprendimento ed alla concretizzazione di quanto appreso: uno mezzo per far conoscere la realt\u00e0 aziendale agli stagisti e far acquisire a questi ultimi le competenze richieste dall\u2019azienda ospitante.<\/p>\t\t\t\t\t\t\t\t<\/div>\n\t\t\t\t<\/div>\n\t\t\t\t<div class=\"elementor-element elementor-element-91a2a1d elementor-widget elementor-widget-text-editor\" data-id=\"91a2a1d\" data-element_type=\"widget\" data-widget_type=\"text-editor.default\">\n\t\t\t\t<div class=\"elementor-widget-container\">\n\t\t\t\t\t\t\t\t\t<p><strong>INDAR Formazione e Sviluppo<\/strong>, in qualit\u00e0 di <strong>soggetto promotore<\/strong> <strong>abilitato all\u2019attivazione di tirocini<\/strong> dalla Regione Friuli Venezia Giulia, pu\u00f2 supportarti nelle attivit\u00e0 di progettazione, attivazione, tutoraggio, conclusione del tirocinio formativo.<\/p>\t\t\t\t\t\t\t\t<\/div>\n\t\t\t\t<\/div>\n\t\t\t\t\t<\/div>\n\t\t<\/div>\n\t\t\t\t\t<\/div>\n\t\t<\/section>\n\t\t\t\t<section class=\"elementor-section elementor-top-section elementor-element elementor-element-1641e96e elementor-section-boxed elementor-section-height-default elementor-section-height-default\" data-id=\"1641e96e\" data-element_type=\"section\">\n\t\t\t\t\t\t<div class=\"elementor-container elementor-column-gap-default\">\n\t\t\t\t\t<div class=\"elementor-column elementor-col-100 elementor-top-column elementor-element elementor-element-417ca0ba\" data-id=\"417ca0ba\" data-element_type=\"column\">\n\t\t\t<div class=\"elementor-widget-wrap elementor-element-populated\">\n\t\t\t\t\t\t<div class=\"elementor-element elementor-element-e6cdc52 elementor-widget elementor-widget-heading\" data-id=\"e6cdc52\" data-element_type=\"widget\" data-widget_type=\"heading.default\">\n\t\t\t\t<div class=\"elementor-widget-container\">\n\t\t\t\t\t<span class=\"elementor-heading-title elementor-size-large\">Criteri per l'attivazione di un tirocinio extracurriculare:\n<\/span>\t\t\t\t<\/div>\n\t\t\t\t<\/div>\n\t\t\t\t<div class=\"elementor-element elementor-element-1b048912 elementor-widget elementor-widget-text-editor\" data-id=\"1b048912\" data-element_type=\"widget\" data-widget_type=\"text-editor.default\">\n\t\t\t\t<div class=\"elementor-widget-container\">\n\t\t\t\t\t\t\t\t\tIn qualit\u00e0 di soggetto ospitante, la tua azienda deve rispettare i seguenti requisiti:\n\nEssere in regola con le disposizioni di cui alla legge 68\/99;\n\nEssere in regola con la normativa sulla salute e sicurezza nei luoghi di lavoro;\n\nNon aver fatto ricorso, nei dodici mesi antecedenti l\u2019attivazione del tirocinio, a licenziamenti collettivi o plurimi n\u00e9 a licenziamenti per giustificato motivo oggettivo, ovvero non aver in corso sospensioni dal lavoro o riduzioni di orario connesse a qualsiasi tipo di ammortizzatore sociale, ivi compresi i casi in cui l\u2019orario di lavoro risulti ridotto a seguito della stipulazione di contratti di solidariet\u00e0 difensivi.\n\nIl numero di tirocini che una azienda pu\u00f2 ospitare \u00e8 proporzionale al <strong>numero di dipendenti a<\/strong> <strong>tempo indeterminato<\/strong> <strong>operanti nella sede operativa (in Friuli Venezia Giulia)<\/strong> presso la quale il tirocinante verr\u00e0 ospitato.\n\nDa 1 a 5 dipendenti = 1 tirocinante ospitabile\n\nDa 6 a 19 dipendenti = 2 tirocinanti ospitabili\n\nDa 20 dipendenti in su = n. di tirocinanti ospitabili corrispondenti al 10% dei dipendenti\n\nIl tirocinante invece, per essere accolto presso l\u2019azienda ospitante deve rispettare i seguenti requisiti:\n\nEssere maggiorenne;\n\nEssere inoccupato\/disoccupato\/in mobilit\u00e0\/in cassa integrazione ed in possesso (\u00e8 della DID rilasciata dal Centro per l\u2019Impiego);\n\nNon deve aver mai instaurato con l\u2019azienda ospitante precedenti rapporti di lavoro (inclusi tirocini extracurriculari).\t\t\t\t\t\t\t\t<\/div>\n\t\t\t\t<\/div>\n\t\t\t\t\t<\/div>\n\t\t<\/div>\n\t\t\t\t\t<\/div>\n\t\t<\/section>\n\t\t\t\t<section class=\"elementor-section elementor-top-section elementor-element elementor-element-4cca0ed elementor-section-boxed elementor-section-height-default elementor-section-height-default\" data-id=\"4cca0ed\" data-element_type=\"section\">\n\t\t\t\t\t\t<div class=\"elementor-container elementor-column-gap-default\">\n\t\t\t\t\t<div class=\"elementor-column elementor-col-100 elementor-top-column elementor-element elementor-element-76fbcb1\" data-id=\"76fbcb1\" data-element_type=\"column\">\n\t\t\t<div class=\"elementor-widget-wrap elementor-element-populated\">\n\t\t\t\t\t\t<div class=\"elementor-element elementor-element-4f7391b elementor-widget elementor-widget-text-editor\" data-id=\"4f7391b\" data-element_type=\"widget\" data-widget_type=\"text-editor.default\">\n\t\t\t\t<div class=\"elementor-widget-container\">\n\t\t\t\t\t\t\t\t\t<p>Al termine dell\u2019esperienza di tirocinio INDAR Formazione e Sviluppo rilascer\u00e0 al tirocinante un ATTESTATO DI COMPETENZE basato sulla valutazione espressa dall\u2019azienda ospitante, secondo il modello predisposto dalla Regione.<\/p><p><strong>Contattaci! Garantiamo l\u2019attivazione entro 3 giorni lavorativi!<\/strong><\/p>\t\t\t\t\t\t\t\t<\/div>\n\t\t\t\t<\/div>\n\t\t\t\t\t<\/div>\n\t\t<\/div>\n\t\t\t\t\t<\/div>\n\t\t<\/section>\n\t\t\t\t<\/div>\n\t\t","protected":false},"excerpt":{"rendered":"<p>Tirocini in azienda I vantaggi dell\u2019attivazione dei tirocini da parte di INDAR Formazione e Sviluppo: Attivazione dei tirocini entro 3 giorni lavorativi! Maggiore flessibilit\u00e0 contrattuale e risparmio economico! Supporto nella selezione dei candidati! Possibilit\u00e0 di far conoscere ai candidati la realt\u00e0 operativa prima dell\u2019assunzione! Possibilit\u00e0 di conoscere al meglio i candidati osservandoli sul campo prima [&hellip;]<\/p>\n","protected":false},"author":1,"featured_media":0,"parent":0,"menu_order":0,"comment_status":"closed","ping_status":"closed","template":"elementor_header_footer","meta":{"footnotes":""},"class_list":["post-440","page","type-page","status-publish","hentry"],"yoast_head":"<!-- This site is optimized with the Yoast SEO plugin v24.7 - https:\/\/yoast.com\/wordpress\/plugins\/seo\/ -->\n<title>Tirocini in azienda - Indar Formazione &amp; Sviluppo<\/title>\n<meta name=\"robots\" content=\"index, follow, max-snippet:-1, max-image-preview:large, max-video-preview:-1\" \/>\n<link rel=\"canonical\" href=\"https:\/\/www.indarfor.it\/index.php\/tirocini-in-azienda\/\" \/>\n<meta property=\"og:locale\" content=\"it_IT\" \/>\n<meta property=\"og:type\" content=\"article\" \/>\n<meta property=\"og:title\" content=\"Tirocini in azienda - Indar Formazione &amp; Sviluppo\" \/>\n<meta property=\"og:description\" content=\"Tirocini in azienda I vantaggi dell\u2019attivazione dei tirocini da parte di INDAR Formazione e Sviluppo: Attivazione dei tirocini entro 3 giorni lavorativi! Maggiore flessibilit\u00e0 contrattuale e risparmio economico! Supporto nella selezione dei candidati! Possibilit\u00e0 di far conoscere ai candidati la realt\u00e0 operativa prima dell\u2019assunzione! Possibilit\u00e0 di conoscere al meglio i candidati osservandoli sul campo prima [&hellip;]\" \/>\n<meta property=\"og:url\" content=\"https:\/\/www.indarfor.it\/index.php\/tirocini-in-azienda\/\" \/>\n<meta property=\"og:site_name\" content=\"Indar Formazione &amp; Sviluppo\" \/>\n<meta property=\"article:modified_time\" content=\"2021-10-29T14:48:56+00:00\" \/>\n<meta name=\"twitter:card\" content=\"summary_large_image\" \/>\n<meta name=\"twitter:label1\" content=\"Tempo di lettura stimato\" \/>\n\t<meta name=\"twitter:data1\" content=\"2 minuti\" \/>\n<script type=\"application\/ld+json\" class=\"yoast-schema-graph\">{\"@context\":\"https:\/\/schema.org\",\"@graph\":[{\"@type\":\"WebPage\",\"@id\":\"https:\/\/www.indarfor.it\/index.php\/tirocini-in-azienda\/\",\"url\":\"https:\/\/www.indarfor.it\/index.php\/tirocini-in-azienda\/\",\"name\":\"Tirocini in azienda - Indar Formazione &amp; Sviluppo\",\"isPartOf\":{\"@id\":\"https:\/\/www.indarfor.it\/#website\"},\"datePublished\":\"2021-10-14T15:46:42+00:00\",\"dateModified\":\"2021-10-29T14:48:56+00:00\",\"breadcrumb\":{\"@id\":\"https:\/\/www.indarfor.it\/index.php\/tirocini-in-azienda\/#breadcrumb\"},\"inLanguage\":\"it-IT\",\"potentialAction\":[{\"@type\":\"ReadAction\",\"target\":[\"https:\/\/www.indarfor.it\/index.php\/tirocini-in-azienda\/\"]}]},{\"@type\":\"BreadcrumbList\",\"@id\":\"https:\/\/www.indarfor.it\/index.php\/tirocini-in-azienda\/#breadcrumb\",\"itemListElement\":[{\"@type\":\"ListItem\",\"position\":1,\"name\":\"Home\",\"item\":\"https:\/\/www.indarfor.it\/\"},{\"@type\":\"ListItem\",\"position\":2,\"name\":\"Tirocini in azienda\"}]},{\"@type\":\"WebSite\",\"@id\":\"https:\/\/www.indarfor.it\/#website\",\"url\":\"https:\/\/www.indarfor.it\/\",\"name\":\"Indar Formazione &amp; Sviluppo\",\"description\":\"Ente di formazione\",\"potentialAction\":[{\"@type\":\"SearchAction\",\"target\":{\"@type\":\"EntryPoint\",\"urlTemplate\":\"https:\/\/www.indarfor.it\/?s={search_term_string}\"},\"query-input\":{\"@type\":\"PropertyValueSpecification\",\"valueRequired\":true,\"valueName\":\"search_term_string\"}}],\"inLanguage\":\"it-IT\"}]}<\/script>\n<!-- \/ Yoast SEO plugin. -->","yoast_head_json":{"title":"Tirocini in azienda - Indar Formazione &amp; Sviluppo","robots":{"index":"index","follow":"follow","max-snippet":"max-snippet:-1","max-image-preview":"max-image-preview:large","max-video-preview":"max-video-preview:-1"},"canonical":"https:\/\/www.indarfor.it\/index.php\/tirocini-in-azienda\/","og_locale":"it_IT","og_type":"article","og_title":"Tirocini in azienda - Indar Formazione &amp; Sviluppo","og_description":"Tirocini in azienda I vantaggi dell\u2019attivazione dei tirocini da parte di INDAR Formazione e Sviluppo: Attivazione dei tirocini entro 3 giorni lavorativi! Maggiore flessibilit\u00e0 contrattuale e risparmio economico! Supporto nella selezione dei candidati! Possibilit\u00e0 di far conoscere ai candidati la realt\u00e0 operativa prima dell\u2019assunzione! Possibilit\u00e0 di conoscere al meglio i candidati osservandoli sul campo prima [&hellip;]","og_url":"https:\/\/www.indarfor.it\/index.php\/tirocini-in-azienda\/","og_site_name":"Indar Formazione &amp; Sviluppo","article_modified_time":"2021-10-29T14:48:56+00:00","twitter_card":"summary_large_image","twitter_misc":{"Tempo di lettura stimato":"2 minuti"},"schema":{"@context":"https:\/\/schema.org","@graph":[{"@type":"WebPage","@id":"https:\/\/www.indarfor.it\/index.php\/tirocini-in-azienda\/","url":"https:\/\/www.indarfor.it\/index.php\/tirocini-in-azienda\/","name":"Tirocini in azienda - Indar Formazione &amp; Sviluppo","isPartOf":{"@id":"https:\/\/www.indarfor.it\/#website"},"datePublished":"2021-10-14T15:46:42+00:00","dateModified":"2021-10-29T14:48:56+00:00","breadcrumb":{"@id":"https:\/\/www.indarfor.it\/index.php\/tirocini-in-azienda\/#breadcrumb"},"inLanguage":"it-IT","potentialAction":[{"@type":"ReadAction","target":["https:\/\/www.indarfor.it\/index.php\/tirocini-in-azienda\/"]}]},{"@type":"BreadcrumbList","@id":"https:\/\/www.indarfor.it\/index.php\/tirocini-in-azienda\/#breadcrumb","itemListElement":[{"@type":"ListItem","position":1,"name":"Home","item":"https:\/\/www.indarfor.it\/"},{"@type":"ListItem","position":2,"name":"Tirocini in azienda"}]},{"@type":"WebSite","@id":"https:\/\/www.indarfor.it\/#website","url":"https:\/\/www.indarfor.it\/","name":"Indar Formazione &amp; Sviluppo","description":"Ente di formazione","potentialAction":[{"@type":"SearchAction","target":{"@type":"EntryPoint","urlTemplate":"https:\/\/www.indarfor.it\/?s={search_term_string}"},"query-input":{"@type":"PropertyValueSpecification","valueRequired":true,"valueName":"search_term_string"}}],"inLanguage":"it-IT"}]}},"_links":{"self":[{"href":"https:\/\/www.indarfor.it\/index.php\/wp-json\/wp\/v2\/pages\/440","targetHints":{"allow":["GET"]}}],"collection":[{"href":"https:\/\/www.indarfor.it\/index.php\/wp-json\/wp\/v2\/pages"}],"about":[{"href":"https:\/\/www.indarfor.it\/index.php\/wp-json\/wp\/v2\/types\/page"}],"author":[{"embeddable":true,"href":"https:\/\/www.indarfor.it\/index.php\/wp-json\/wp\/v2\/users\/1"}],"replies":[{"embeddable":true,"href":"https:\/\/www.indarfor.it\/index.php\/wp-json\/wp\/v2\/comments?post=440"}],"version-history":[{"count":13,"href":"https:\/\/www.indarfor.it\/index.php\/wp-json\/wp\/v2\/pages\/440\/revisions"}],"predecessor-version":[{"id":969,"href":"https:\/\/www.indarfor.it\/index.php\/wp-json\/wp\/v2\/pages\/440\/revisions\/969"}],"wp:attachment":[{"href":"https:\/\/www.indarfor.it\/index.php\/wp-json\/wp\/v2\/media?parent=440"}],"curies":[{"name":"wp","href":"https:\/\/api.w.org\/{rel}","templated":true}]}}