{"id":264,"date":"2021-10-11T10:42:39","date_gmt":"2021-10-11T10:42:39","guid":{"rendered":"https:\/\/www.indarfor.it\/?page_id=264"},"modified":"2025-07-15T08:01:47","modified_gmt":"2025-07-15T08:01:47","slug":"lavora-con-noi","status":"publish","type":"page","link":"https:\/\/www.indarfor.it\/index.php\/lavora-con-noi\/","title":{"rendered":"Lavora con noi"},"content":{"rendered":"\t\t<div data-elementor-type=\"wp-page\" data-elementor-id=\"264\" class=\"elementor elementor-264\" data-elementor-post-type=\"page\">\n\t\t\t\t\t\t<section class=\"elementor-section elementor-top-section elementor-element elementor-element-6fbb9134 elementor-section-height-min-height elementor-section-boxed elementor-section-height-default elementor-section-items-middle\" data-id=\"6fbb9134\" data-element_type=\"section\" data-settings=\"{&quot;background_background&quot;:&quot;classic&quot;}\">\n\t\t\t\t\t\t\t<div class=\"elementor-background-overlay\"><\/div>\n\t\t\t\t\t\t\t<div class=\"elementor-container elementor-column-gap-default\">\n\t\t\t\t\t<div class=\"elementor-column elementor-col-100 elementor-top-column elementor-element elementor-element-54fd5023\" data-id=\"54fd5023\" data-element_type=\"column\">\n\t\t\t<div class=\"elementor-widget-wrap elementor-element-populated\">\n\t\t\t\t\t\t<div class=\"elementor-element elementor-element-11403c15 elementor-widget elementor-widget-heading\" data-id=\"11403c15\" data-element_type=\"widget\" data-widget_type=\"heading.default\">\n\t\t\t\t<div class=\"elementor-widget-container\">\n\t\t\t\t\t<h1 class=\"elementor-heading-title elementor-size-default\">Lavora con noi<\/h1>\t\t\t\t<\/div>\n\t\t\t\t<\/div>\n\t\t\t\t\t<\/div>\n\t\t<\/div>\n\t\t\t\t\t<\/div>\n\t\t<\/section>\n\t\t\t\t<section class=\"elementor-section elementor-top-section elementor-element elementor-element-b1d6699 elementor-section-boxed elementor-section-height-default elementor-section-height-default\" data-id=\"b1d6699\" data-element_type=\"section\">\n\t\t\t\t\t\t<div class=\"elementor-container elementor-column-gap-default\">\n\t\t\t\t\t<div class=\"elementor-column elementor-col-100 elementor-top-column elementor-element elementor-element-f14f9a0\" data-id=\"f14f9a0\" data-element_type=\"column\">\n\t\t\t<div class=\"elementor-widget-wrap elementor-element-populated\">\n\t\t\t\t\t\t<div class=\"elementor-element elementor-element-a768c71 elementor-widget elementor-widget-spacer\" data-id=\"a768c71\" data-element_type=\"widget\" data-widget_type=\"spacer.default\">\n\t\t\t\t<div class=\"elementor-widget-container\">\n\t\t\t\t\t\t\t<div class=\"elementor-spacer\">\n\t\t\t<div class=\"elementor-spacer-inner\"><\/div>\n\t\t<\/div>\n\t\t\t\t\t\t<\/div>\n\t\t\t\t<\/div>\n\t\t\t\t<div class=\"elementor-element elementor-element-dda2b33 elementor-widget elementor-widget-heading\" data-id=\"dda2b33\" data-element_type=\"widget\" data-widget_type=\"heading.default\">\n\t\t\t\t<div class=\"elementor-widget-container\">\n\t\t\t\t\t<span class=\"elementor-heading-title elementor-size-large\"><i>Il lavoro di squadra \u00e8 la capacit\u00e0 di lavorare insieme verso una visione comune. E\u2019 il carburante che permette a persone comuni di raggiungere risultati non comuni.<\/i>\n<br>\n<b>Andrew Carnegie<\/b>\n<\/span>\t\t\t\t<\/div>\n\t\t\t\t<\/div>\n\t\t\t\t\t<\/div>\n\t\t<\/div>\n\t\t\t\t\t<\/div>\n\t\t<\/section>\n\t\t\t\t<section class=\"elementor-section elementor-top-section elementor-element elementor-element-1641e96e elementor-section-boxed elementor-section-height-default elementor-section-height-default\" data-id=\"1641e96e\" data-element_type=\"section\">\n\t\t\t\t\t\t<div class=\"elementor-container elementor-column-gap-default\">\n\t\t\t\t\t<div class=\"elementor-column elementor-col-50 elementor-top-column elementor-element elementor-element-417ca0ba\" data-id=\"417ca0ba\" data-element_type=\"column\">\n\t\t\t<div class=\"elementor-widget-wrap elementor-element-populated\">\n\t\t\t\t\t\t<div class=\"elementor-element elementor-element-1b048912 elementor-widget elementor-widget-text-editor\" data-id=\"1b048912\" data-element_type=\"widget\" data-widget_type=\"text-editor.default\">\n\t\t\t\t<div class=\"elementor-widget-container\">\n\t\t\t\t\t\t\t\t\t<p>Ricerchiamo la passione e l\u2019entusiasmo.<\/p><p>Lavorare in Indar Formazione e Sviluppo come dipendente significa lavorare in team, accettare le sfide, operare con passione, realizzare e consolidare progetti elaborati, senza mai trascurare il concetto di humanitas.<\/p><p>Lavorare per Indar Formazione e Sviluppo come docente significa entrare in un network di collaboratori dalle professionalit\u00e0 pi\u00f9 disparate. Vista la trasversalit\u00e0 dei nostri progetti siamo sempre alla ricerca di nuovi docenti-collaboratori interessati ad ampliare il nostro vivaio al fine di aiutare i nostri clienti a crescere e far germogliare il proprio organico aziendale tramite interventi di formazione professionale.<\/p><p>Le ricerche di personale sono\u00a0aperte a entrambi i sessi: se vuoi entrare a far parte della squadra inviaci il tuo curriculum premurandoti di compilare tutti i campi richiesti nel form sottostante!<\/p>\t\t\t\t\t\t\t\t<\/div>\n\t\t\t\t<\/div>\n\t\t\t\t\t<\/div>\n\t\t<\/div>\n\t\t\t\t<div class=\"elementor-column elementor-col-50 elementor-top-column elementor-element elementor-element-643a37ad\" data-id=\"643a37ad\" data-element_type=\"column\" data-settings=\"{&quot;background_background&quot;:&quot;classic&quot;}\">\n\t\t\t<div class=\"elementor-widget-wrap elementor-element-populated\">\n\t\t\t\t\t\t<div class=\"elementor-element elementor-element-93d2e18 elementor-widget elementor-widget-spacer\" data-id=\"93d2e18\" data-element_type=\"widget\" data-widget_type=\"spacer.default\">\n\t\t\t\t<div class=\"elementor-widget-container\">\n\t\t\t\t\t\t\t<div class=\"elementor-spacer\">\n\t\t\t<div class=\"elementor-spacer-inner\"><\/div>\n\t\t<\/div>\n\t\t\t\t\t\t<\/div>\n\t\t\t\t<\/div>\n\t\t\t\t\t<\/div>\n\t\t<\/div>\n\t\t\t\t\t<\/div>\n\t\t<\/section>\n\t\t\t\t<section class=\"elementor-section elementor-top-section elementor-element elementor-element-fa8b1d2 elementor-section-boxed elementor-section-height-default elementor-section-height-default\" data-id=\"fa8b1d2\" data-element_type=\"section\">\n\t\t\t\t\t\t<div class=\"elementor-container elementor-column-gap-default\">\n\t\t\t\t\t<div class=\"elementor-column elementor-col-100 elementor-top-column elementor-element elementor-element-aad0925\" data-id=\"aad0925\" data-element_type=\"column\">\n\t\t\t<div class=\"elementor-widget-wrap elementor-element-populated\">\n\t\t\t\t\t\t<div class=\"elementor-element elementor-element-403029b elementor-widget__width-initial elementor-widget elementor-widget-text-editor\" data-id=\"403029b\" data-element_type=\"widget\" data-widget_type=\"text-editor.default\">\n\t\t\t\t<div class=\"elementor-widget-container\">\n\t\t\t\t\t\t\t\t\t<h4><span style=\"color: #ff0000;\">POSIZIONI APERTE:<\/span><\/h4><h4>&#8211; TUTOR DIDATTCO<\/h4><p>La figura, inserita all&#8217;interno di un team giovane e dinamico, sar\u00e0 adibita alla gestione dei percorsi formativi finanziati e dei relativi adempimenti burocratici e organizzativi. In particolare si occuper\u00e0 di:<\/p><p>&#8211; tutoraggio dei percorsi formativi finanziati rivolti a persone occupate\/disoccupate e alle aziende;<br \/>&#8211; pianificazione dei calendari delle lezioni, ricerca e selezione dei docenti;<br \/>&#8211; pianificazione logistica del percorso formativo;<br \/>&#8211; gestione della documentazione e delle comunicazioni previste dalla normativa di riferimento;<br \/>&#8211; gestione dei tirocini formativi e contatto con aziende, enti ed istituzioni ospitanti;<br \/>&#8211; promozione dei corsi.<\/p><p>Si richiedono i seguenti requisiti:<\/p><p>&#8211; preferibile pregressa esperienza lavorativa nella gestione di corsi di formazione finanziati;<br \/>&#8211; diploma o laurea (preferibilmente in ambito umanistico);<br \/>&#8211; capacit\u00e0 organizzative e di problem solving;<br \/>&#8211; precisione e autonomia organizzativa;<br \/>&#8211; capacit\u00e0 comunicative e relazionali;<br \/>&#8211; dimestichezza con il pacchetto Office.<\/p><p>Si offre inserimento iniziale con un contratto a tempo determinato full time di 36 ore settimanali &#8211; CCNL Formazione Professionale, con concrete possibilit\u00e0 di stabilizzazione.<br \/>L\u2019inquadramento economico sar\u00e0 commisurato all\u2019esperienza lavorativa maturata dal candidato.<\/p><p>Le persone interessate potranno inviare la propria candidatura completa dell\u2019informativa sulla privacy all&#8217;indirizzo segreteria@indarfor.it specificando nell&#8217;oggetto della mail &#8220;TUTOR DIDATTICO&#8221;.<\/p><div>\u00a0<\/div>\t\t\t\t\t\t\t\t<\/div>\n\t\t\t\t<\/div>\n\t\t\t\t\t<\/div>\n\t\t<\/div>\n\t\t\t\t\t<\/div>\n\t\t<\/section>\n\t\t\t\t<section class=\"elementor-section elementor-top-section elementor-element elementor-element-d2b5d15 elementor-section-boxed elementor-section-height-default elementor-section-height-default\" data-id=\"d2b5d15\" data-element_type=\"section\" data-settings=\"{&quot;background_background&quot;:&quot;classic&quot;}\">\n\t\t\t\t\t\t<div class=\"elementor-container elementor-column-gap-default\">\n\t\t\t\t\t<div class=\"elementor-column elementor-col-100 elementor-top-column elementor-element elementor-element-bf05119\" data-id=\"bf05119\" data-element_type=\"column\">\n\t\t\t<div class=\"elementor-widget-wrap elementor-element-populated\">\n\t\t\t\t\t\t<div class=\"elementor-element elementor-element-c6dfcb5 elementor-widget elementor-widget-heading\" data-id=\"c6dfcb5\" data-element_type=\"widget\" data-widget_type=\"heading.default\">\n\t\t\t\t<div class=\"elementor-widget-container\">\n\t\t\t\t\t<h3 class=\"elementor-heading-title elementor-size-large\">Compila il form sottostante per sottoporci la tua candidatura!<\/h3>\t\t\t\t<\/div>\n\t\t\t\t<\/div>\n\t\t\t\t<div class=\"elementor-element elementor-element-d158217 elementor-widget elementor-widget-spacer\" data-id=\"d158217\" data-element_type=\"widget\" data-widget_type=\"spacer.default\">\n\t\t\t\t<div class=\"elementor-widget-container\">\n\t\t\t\t\t\t\t<div class=\"elementor-spacer\">\n\t\t\t<div class=\"elementor-spacer-inner\"><\/div>\n\t\t<\/div>\n\t\t\t\t\t\t<\/div>\n\t\t\t\t<\/div>\n\t\t\t\t<div class=\"elementor-element elementor-element-afb23d8 elementor-button-align-center elementor-widget elementor-widget-form\" data-id=\"afb23d8\" data-element_type=\"widget\" data-settings=\"{&quot;step_next_label&quot;:&quot;Next&quot;,&quot;step_previous_label&quot;:&quot;Previous&quot;,&quot;button_width&quot;:&quot;100&quot;,&quot;step_type&quot;:&quot;number_text&quot;,&quot;step_icon_shape&quot;:&quot;circle&quot;}\" data-widget_type=\"form.default\">\n\t\t\t\t<div class=\"elementor-widget-container\">\n\t\t\t\t\t\t\t<form class=\"elementor-form\" method=\"post\" name=\"New Form\">\n\t\t\t<input type=\"hidden\" name=\"post_id\" value=\"264\"\/>\n\t\t\t<input type=\"hidden\" name=\"form_id\" value=\"afb23d8\"\/>\n\t\t\t<input type=\"hidden\" name=\"referer_title\" value=\"Indar Formazione &amp; Sviluppo\" \/>\n\n\t\t\t\n\t\t\t<div class=\"elementor-form-fields-wrapper elementor-labels-above\">\n\t\t\t\t\t\t\t\t<div class=\"elementor-field-type-text elementor-field-group elementor-column elementor-field-group-name elementor-col-50 elementor-field-required\">\n\t\t\t\t\t\t\t\t\t\t\t\t<label for=\"form-field-name\" class=\"elementor-field-label\">\n\t\t\t\t\t\t\t\tNome (richiesto)\t\t\t\t\t\t\t<\/label>\n\t\t\t\t\t\t\t\t\t\t\t\t\t\t<input size=\"1\" type=\"text\" name=\"form_fields[name]\" id=\"form-field-name\" class=\"elementor-field elementor-size-sm  elementor-field-textual\" placeholder=\"Nome\" required=\"required\">\n\t\t\t\t\t\t\t\t\t\t\t<\/div>\n\t\t\t\t\t\t\t\t<div class=\"elementor-field-type-text elementor-field-group elementor-column elementor-field-group-field_99b9eee elementor-col-50 elementor-field-required\">\n\t\t\t\t\t\t\t\t\t\t\t\t<label for=\"form-field-field_99b9eee\" class=\"elementor-field-label\">\n\t\t\t\t\t\t\t\tCognome (richiesto)\t\t\t\t\t\t\t<\/label>\n\t\t\t\t\t\t\t\t\t\t\t\t\t\t<input size=\"1\" type=\"text\" name=\"form_fields[field_99b9eee]\" id=\"form-field-field_99b9eee\" class=\"elementor-field elementor-size-sm  elementor-field-textual\" placeholder=\"Cognome\" required=\"required\">\n\t\t\t\t\t\t\t\t\t\t\t<\/div>\n\t\t\t\t\t\t\t\t<div class=\"elementor-field-type-email elementor-field-group elementor-column elementor-field-group-email elementor-col-100 elementor-field-required\">\n\t\t\t\t\t\t\t\t\t\t\t\t<label for=\"form-field-email\" class=\"elementor-field-label\">\n\t\t\t\t\t\t\t\tEmail (richiesto)\t\t\t\t\t\t\t<\/label>\n\t\t\t\t\t\t\t\t\t\t\t\t\t\t<input size=\"1\" type=\"email\" name=\"form_fields[email]\" id=\"form-field-email\" class=\"elementor-field elementor-size-sm  elementor-field-textual\" placeholder=\"Email\" required=\"required\">\n\t\t\t\t\t\t\t\t\t\t\t<\/div>\n\t\t\t\t\t\t\t\t<div class=\"elementor-field-type-select elementor-field-group elementor-column elementor-field-group-field_9501f0d elementor-col-100 elementor-field-required\">\n\t\t\t\t\t\t\t\t\t\t\t\t<label for=\"form-field-field_9501f0d\" class=\"elementor-field-label\">\n\t\t\t\t\t\t\t\tAree di interesse (richiesto)\t\t\t\t\t\t\t<\/label>\n\t\t\t\t\t\t\t\t<div class=\"elementor-field elementor-select-wrapper remove-before \">\n\t\t\t<div class=\"select-caret-down-wrapper\">\n\t\t\t\t<i aria-hidden=\"true\" class=\"eicon-caret-down\"><\/i>\t\t\t<\/div>\n\t\t\t<select name=\"form_fields[field_9501f0d]\" id=\"form-field-field_9501f0d\" class=\"elementor-field-textual elementor-size-sm\" required=\"required\">\n\t\t\t\t\t\t\t\t\t<option value=\"Amministrazione\">Amministrazione<\/option>\n\t\t\t\t\t\t\t\t\t<option value=\"Commerciale\">Commerciale<\/option>\n\t\t\t\t\t\t\t\t\t<option value=\"Progettazione\">Progettazione<\/option>\n\t\t\t\t\t\t\t\t\t<option value=\"Altro\">Altro<\/option>\n\t\t\t\t\t\t\t\t\t<option value=\"\"><\/option>\n\t\t\t\t\t\t\t<\/select>\n\t\t<\/div>\n\t\t\t\t\t\t<\/div>\n\t\t\t\t\t\t\t\t<div class=\"elementor-field-type-textarea elementor-field-group elementor-column elementor-field-group-message elementor-col-100\">\n\t\t\t\t\t\t\t\t\t\t\t\t<label for=\"form-field-message\" class=\"elementor-field-label\">\n\t\t\t\t\t\t\t\tPresentazione candidato\t\t\t\t\t\t\t<\/label>\n\t\t\t\t\t\t<textarea class=\"elementor-field-textual elementor-field  elementor-size-sm\" name=\"form_fields[message]\" id=\"form-field-message\" rows=\"4\" placeholder=\"Message\"><\/textarea>\t\t\t\t<\/div>\n\t\t\t\t\t\t\t\t<div class=\"elementor-field-type-upload elementor-field-group elementor-column elementor-field-group-field_f8edf9e elementor-col-100 elementor-field-required\">\n\t\t\t\t\t\t\t\t\t\t\t\t<label for=\"form-field-field_f8edf9e\" class=\"elementor-field-label\">\n\t\t\t\t\t\t\t\tCurriculum Vitae candidato\t\t\t\t\t\t\t<\/label>\n\t\t\t\t\t\t\t\t<input type=\"file\" name=\"form_fields[field_f8edf9e]\" id=\"form-field-field_f8edf9e\" class=\"elementor-field elementor-size-sm  elementor-upload-field\" required=\"required\" data-maxsize=\"8\" data-maxsize-message=\"Questo file supera la dimensione massima consentita.\">\n\n\t\t\t\t\t\t<\/div>\n\t\t\t\t\t\t\t\t<div class=\"elementor-field-type-html elementor-field-group elementor-column elementor-field-group-field_fdb9169 elementor-col-100\">\n\t\t\t\t\tVisualizza l\u2019informativa sulla privacy e GDPR  qui\t\t\t\t<\/div>\n\t\t\t\t\t\t\t\t<div class=\"elementor-field-group elementor-column elementor-field-type-submit elementor-col-100 e-form__buttons\">\n\t\t\t\t\t<button class=\"elementor-button elementor-size-sm\" type=\"submit\">\n\t\t\t\t\t\t<span class=\"elementor-button-content-wrapper\">\n\t\t\t\t\t\t\t\t\t\t\t\t\t\t\t\t\t\t\t\t\t\t<span class=\"elementor-button-text\">INVIA<\/span>\n\t\t\t\t\t\t\t\t\t\t\t\t\t<\/span>\n\t\t\t\t\t<\/button>\n\t\t\t\t<\/div>\n\t\t\t<\/div>\n\t\t<\/form>\n\t\t\t\t\t\t<\/div>\n\t\t\t\t<\/div>\n\t\t\t\t\t<\/div>\n\t\t<\/div>\n\t\t\t\t\t<\/div>\n\t\t<\/section>\n\t\t\t\t<\/div>\n\t\t","protected":false},"excerpt":{"rendered":"<p>Lavora con noi Il lavoro di squadra \u00e8 la capacit\u00e0 di lavorare insieme verso una visione comune. E\u2019 il carburante che permette a persone comuni di raggiungere risultati non comuni. Andrew Carnegie Ricerchiamo la passione e l\u2019entusiasmo. Lavorare in Indar Formazione e Sviluppo come dipendente significa lavorare in team, accettare le sfide, operare con passione, [&hellip;]<\/p>\n","protected":false},"author":1,"featured_media":0,"parent":0,"menu_order":0,"comment_status":"closed","ping_status":"closed","template":"elementor_header_footer","meta":{"footnotes":""},"class_list":["post-264","page","type-page","status-publish","hentry"],"yoast_head":"<!-- This site is optimized with the Yoast SEO plugin v24.7 - https:\/\/yoast.com\/wordpress\/plugins\/seo\/ -->\n<title>Lavora con noi - Indar Formazione &amp; Sviluppo<\/title>\n<meta name=\"robots\" content=\"index, follow, max-snippet:-1, max-image-preview:large, max-video-preview:-1\" \/>\n<link rel=\"canonical\" href=\"https:\/\/www.indarfor.it\/index.php\/lavora-con-noi\/\" \/>\n<meta property=\"og:locale\" content=\"it_IT\" \/>\n<meta property=\"og:type\" content=\"article\" \/>\n<meta property=\"og:title\" content=\"Lavora con noi - Indar Formazione &amp; Sviluppo\" \/>\n<meta property=\"og:description\" content=\"Lavora con noi Il lavoro di squadra \u00e8 la capacit\u00e0 di lavorare insieme verso una visione comune. E\u2019 il carburante che permette a persone comuni di raggiungere risultati non comuni. Andrew Carnegie Ricerchiamo la passione e l\u2019entusiasmo. Lavorare in Indar Formazione e Sviluppo come dipendente significa lavorare in team, accettare le sfide, operare con passione, [&hellip;]\" \/>\n<meta property=\"og:url\" content=\"https:\/\/www.indarfor.it\/index.php\/lavora-con-noi\/\" \/>\n<meta property=\"og:site_name\" content=\"Indar Formazione &amp; Sviluppo\" \/>\n<meta property=\"article:modified_time\" content=\"2025-07-15T08:01:47+00:00\" \/>\n<meta name=\"twitter:card\" content=\"summary_large_image\" \/>\n<meta name=\"twitter:label1\" content=\"Tempo di lettura stimato\" \/>\n\t<meta name=\"twitter:data1\" content=\"2 minuti\" \/>\n<script type=\"application\/ld+json\" class=\"yoast-schema-graph\">{\"@context\":\"https:\/\/schema.org\",\"@graph\":[{\"@type\":\"WebPage\",\"@id\":\"https:\/\/www.indarfor.it\/index.php\/lavora-con-noi\/\",\"url\":\"https:\/\/www.indarfor.it\/index.php\/lavora-con-noi\/\",\"name\":\"Lavora con noi - Indar Formazione &amp; Sviluppo\",\"isPartOf\":{\"@id\":\"https:\/\/www.indarfor.it\/#website\"},\"datePublished\":\"2021-10-11T10:42:39+00:00\",\"dateModified\":\"2025-07-15T08:01:47+00:00\",\"breadcrumb\":{\"@id\":\"https:\/\/www.indarfor.it\/index.php\/lavora-con-noi\/#breadcrumb\"},\"inLanguage\":\"it-IT\",\"potentialAction\":[{\"@type\":\"ReadAction\",\"target\":[\"https:\/\/www.indarfor.it\/index.php\/lavora-con-noi\/\"]}]},{\"@type\":\"BreadcrumbList\",\"@id\":\"https:\/\/www.indarfor.it\/index.php\/lavora-con-noi\/#breadcrumb\",\"itemListElement\":[{\"@type\":\"ListItem\",\"position\":1,\"name\":\"Home\",\"item\":\"https:\/\/www.indarfor.it\/\"},{\"@type\":\"ListItem\",\"position\":2,\"name\":\"Lavora con noi\"}]},{\"@type\":\"WebSite\",\"@id\":\"https:\/\/www.indarfor.it\/#website\",\"url\":\"https:\/\/www.indarfor.it\/\",\"name\":\"Indar Formazione &amp; Sviluppo\",\"description\":\"Ente di formazione\",\"potentialAction\":[{\"@type\":\"SearchAction\",\"target\":{\"@type\":\"EntryPoint\",\"urlTemplate\":\"https:\/\/www.indarfor.it\/?s={search_term_string}\"},\"query-input\":{\"@type\":\"PropertyValueSpecification\",\"valueRequired\":true,\"valueName\":\"search_term_string\"}}],\"inLanguage\":\"it-IT\"}]}<\/script>\n<!-- \/ Yoast SEO plugin. -->","yoast_head_json":{"title":"Lavora con noi - Indar Formazione &amp; Sviluppo","robots":{"index":"index","follow":"follow","max-snippet":"max-snippet:-1","max-image-preview":"max-image-preview:large","max-video-preview":"max-video-preview:-1"},"canonical":"https:\/\/www.indarfor.it\/index.php\/lavora-con-noi\/","og_locale":"it_IT","og_type":"article","og_title":"Lavora con noi - Indar Formazione &amp; Sviluppo","og_description":"Lavora con noi Il lavoro di squadra \u00e8 la capacit\u00e0 di lavorare insieme verso una visione comune. E\u2019 il carburante che permette a persone comuni di raggiungere risultati non comuni. Andrew Carnegie Ricerchiamo la passione e l\u2019entusiasmo. Lavorare in Indar Formazione e Sviluppo come dipendente significa lavorare in team, accettare le sfide, operare con passione, [&hellip;]","og_url":"https:\/\/www.indarfor.it\/index.php\/lavora-con-noi\/","og_site_name":"Indar Formazione &amp; Sviluppo","article_modified_time":"2025-07-15T08:01:47+00:00","twitter_card":"summary_large_image","twitter_misc":{"Tempo di lettura stimato":"2 minuti"},"schema":{"@context":"https:\/\/schema.org","@graph":[{"@type":"WebPage","@id":"https:\/\/www.indarfor.it\/index.php\/lavora-con-noi\/","url":"https:\/\/www.indarfor.it\/index.php\/lavora-con-noi\/","name":"Lavora con noi - Indar Formazione &amp; Sviluppo","isPartOf":{"@id":"https:\/\/www.indarfor.it\/#website"},"datePublished":"2021-10-11T10:42:39+00:00","dateModified":"2025-07-15T08:01:47+00:00","breadcrumb":{"@id":"https:\/\/www.indarfor.it\/index.php\/lavora-con-noi\/#breadcrumb"},"inLanguage":"it-IT","potentialAction":[{"@type":"ReadAction","target":["https:\/\/www.indarfor.it\/index.php\/lavora-con-noi\/"]}]},{"@type":"BreadcrumbList","@id":"https:\/\/www.indarfor.it\/index.php\/lavora-con-noi\/#breadcrumb","itemListElement":[{"@type":"ListItem","position":1,"name":"Home","item":"https:\/\/www.indarfor.it\/"},{"@type":"ListItem","position":2,"name":"Lavora con noi"}]},{"@type":"WebSite","@id":"https:\/\/www.indarfor.it\/#website","url":"https:\/\/www.indarfor.it\/","name":"Indar Formazione &amp; Sviluppo","description":"Ente di formazione","potentialAction":[{"@type":"SearchAction","target":{"@type":"EntryPoint","urlTemplate":"https:\/\/www.indarfor.it\/?s={search_term_string}"},"query-input":{"@type":"PropertyValueSpecification","valueRequired":true,"valueName":"search_term_string"}}],"inLanguage":"it-IT"}]}},"_links":{"self":[{"href":"https:\/\/www.indarfor.it\/index.php\/wp-json\/wp\/v2\/pages\/264","targetHints":{"allow":["GET"]}}],"collection":[{"href":"https:\/\/www.indarfor.it\/index.php\/wp-json\/wp\/v2\/pages"}],"about":[{"href":"https:\/\/www.indarfor.it\/index.php\/wp-json\/wp\/v2\/types\/page"}],"author":[{"embeddable":true,"href":"https:\/\/www.indarfor.it\/index.php\/wp-json\/wp\/v2\/users\/1"}],"replies":[{"embeddable":true,"href":"https:\/\/www.indarfor.it\/index.php\/wp-json\/wp\/v2\/comments?post=264"}],"version-history":[{"count":37,"href":"https:\/\/www.indarfor.it\/index.php\/wp-json\/wp\/v2\/pages\/264\/revisions"}],"predecessor-version":[{"id":3148,"href":"https:\/\/www.indarfor.it\/index.php\/wp-json\/wp\/v2\/pages\/264\/revisions\/3148"}],"wp:attachment":[{"href":"https:\/\/www.indarfor.it\/index.php\/wp-json\/wp\/v2\/media?parent=264"}],"curies":[{"name":"wp","href":"https:\/\/api.w.org\/{rel}","templated":true}]}}