{"id":227,"date":"2021-10-11T08:39:44","date_gmt":"2021-10-11T08:39:44","guid":{"rendered":"https:\/\/www.indarfor.it\/?page_id=227"},"modified":"2021-10-26T09:46:45","modified_gmt":"2021-10-26T09:46:45","slug":"indar","status":"publish","type":"page","link":"https:\/\/www.indarfor.it\/index.php\/indar\/","title":{"rendered":"Indar"},"content":{"rendered":"\t\t<div data-elementor-type=\"wp-page\" data-elementor-id=\"227\" class=\"elementor elementor-227\" data-elementor-post-type=\"page\">\n\t\t\t\t\t\t<section class=\"elementor-section elementor-top-section elementor-element elementor-element-33d48281 elementor-section-height-min-height elementor-section-boxed elementor-section-height-default elementor-section-items-middle\" data-id=\"33d48281\" data-element_type=\"section\" data-settings=\"{&quot;background_background&quot;:&quot;classic&quot;}\">\n\t\t\t\t\t\t\t<div class=\"elementor-background-overlay\"><\/div>\n\t\t\t\t\t\t\t<div class=\"elementor-container elementor-column-gap-default\">\n\t\t\t\t\t<div class=\"elementor-column elementor-col-100 elementor-top-column elementor-element elementor-element-32086a8c\" data-id=\"32086a8c\" data-element_type=\"column\">\n\t\t\t<div class=\"elementor-widget-wrap elementor-element-populated\">\n\t\t\t\t\t\t<div class=\"elementor-element elementor-element-49219c42 elementor-widget elementor-widget-heading\" data-id=\"49219c42\" data-element_type=\"widget\" data-widget_type=\"heading.default\">\n\t\t\t\t<div class=\"elementor-widget-container\">\n\t\t\t\t\t<h1 class=\"elementor-heading-title elementor-size-default\">Indar Formazione e Sviluppo<\/h1>\t\t\t\t<\/div>\n\t\t\t\t<\/div>\n\t\t\t\t\t<\/div>\n\t\t<\/div>\n\t\t\t\t\t<\/div>\n\t\t<\/section>\n\t\t\t\t<section class=\"elementor-section elementor-top-section elementor-element elementor-element-3bfa6dea elementor-section-boxed elementor-section-height-default elementor-section-height-default\" data-id=\"3bfa6dea\" data-element_type=\"section\">\n\t\t\t\t\t\t<div class=\"elementor-container elementor-column-gap-default\">\n\t\t\t\t\t<div class=\"elementor-column elementor-col-50 elementor-top-column elementor-element elementor-element-40d2c15\" data-id=\"40d2c15\" data-element_type=\"column\" data-settings=\"{&quot;background_background&quot;:&quot;classic&quot;}\">\n\t\t\t<div class=\"elementor-widget-wrap elementor-element-populated\">\n\t\t\t\t\t\t<div class=\"elementor-element elementor-element-4e9875d elementor-widget elementor-widget-spacer\" data-id=\"4e9875d\" data-element_type=\"widget\" data-widget_type=\"spacer.default\">\n\t\t\t\t<div class=\"elementor-widget-container\">\n\t\t\t\t\t\t\t<div class=\"elementor-spacer\">\n\t\t\t<div class=\"elementor-spacer-inner\"><\/div>\n\t\t<\/div>\n\t\t\t\t\t\t<\/div>\n\t\t\t\t<\/div>\n\t\t\t\t\t<\/div>\n\t\t<\/div>\n\t\t\t\t<div class=\"elementor-column elementor-col-50 elementor-top-column elementor-element elementor-element-2f9e40c0\" data-id=\"2f9e40c0\" data-element_type=\"column\">\n\t\t\t<div class=\"elementor-widget-wrap elementor-element-populated\">\n\t\t\t\t\t\t<div class=\"elementor-element elementor-element-21379c42 elementor-widget elementor-widget-heading\" data-id=\"21379c42\" data-element_type=\"widget\" data-widget_type=\"heading.default\">\n\t\t\t\t<div class=\"elementor-widget-container\">\n\t\t\t\t\t<h2 class=\"elementor-heading-title elementor-size-default\">Chi siamo<\/h2>\t\t\t\t<\/div>\n\t\t\t\t<\/div>\n\t\t\t\t<div class=\"elementor-element elementor-element-1538301a elementor-widget elementor-widget-text-editor\" data-id=\"1538301a\" data-element_type=\"widget\" data-widget_type=\"text-editor.default\">\n\t\t\t\t<div class=\"elementor-widget-container\">\n\t\t\t\t\t\t\t\t\t<p><strong>INDAR Formazione e Sviluppo<\/strong> \u00e8 ente di Formazione Professionale che dal 2001 ha ottenuto l\u2019Accreditamento nella formazione continua e permanente dalla <strong>Regione Friuli Venezia Giulia<\/strong> occupandosi di formazione, sicurezza e qualit\u00e0, con l\u2019obiettivo di essere a fianco delle imprese nella propria crescita e sviluppo.<\/p><p>Accreditati dalla Regione FVG ed in possesso della <strong>Certificazione ISO 9001<\/strong> e del Modello di Gestione ed Organizzazione aziendale (ex D. Lgs. 231\/01) INDAR Formazione e Sviluppo da oltre vent\u2019anni soddisfa le necessit\u00e0 formative di privati, aziende e professionisti tramite strumenti flessibili ed adatti ad ogni necessit\u00e0. Il nostro obiettivo \u00e8 far crescere le risorse umane ed accrescere la competitivit\u00e0 delle aziende offrendo una ampia selezione di corsi e progetti formativi.<\/p>\t\t\t\t\t\t\t\t<\/div>\n\t\t\t\t<\/div>\n\t\t\t\t\t<\/div>\n\t\t<\/div>\n\t\t\t\t\t<\/div>\n\t\t<\/section>\n\t\t\t\t<section class=\"elementor-section elementor-top-section elementor-element elementor-element-4195dc3 elementor-reverse-mobile elementor-section-boxed elementor-section-height-default elementor-section-height-default\" data-id=\"4195dc3\" data-element_type=\"section\">\n\t\t\t\t\t\t<div class=\"elementor-container elementor-column-gap-default\">\n\t\t\t\t\t<div class=\"elementor-column elementor-col-50 elementor-top-column elementor-element elementor-element-44e57b8d\" data-id=\"44e57b8d\" data-element_type=\"column\">\n\t\t\t<div class=\"elementor-widget-wrap elementor-element-populated\">\n\t\t\t\t\t\t<div class=\"elementor-element elementor-element-3ca21e1a elementor-widget elementor-widget-text-editor\" data-id=\"3ca21e1a\" data-element_type=\"widget\" data-widget_type=\"text-editor.default\">\n\t\t\t\t<div class=\"elementor-widget-container\">\n\t\t\t\t\t\t\t\t\t<p>Siamo in grado di supportare le aziende nell\u2019accesso alla Formazione Finanziata attraverso risorse economiche inutilizzate, al fine di garantire a queste ultime l\u2019accesso ad una solida formazione aziendale: le <strong>risorse, le strategie, le competenze e gli aggiornamenti che permettono ai dipendenti delle aziende di svolgere il proprio lavoro in modo pi\u00f9 efficace ed efficiente<\/strong> sono lo strumento chiave per primeggiare sui competitors.<\/p><p>Crediamo nel valore della formazione come strumento strategico piuttosto che come semplice commodity per lo sviluppo: crediamo nella formazione come strategia per creare valore aggiuntivo con offerte di apprendimento basate su interventi didattici capaci di contribuire significativamente alle vostre prestazioni aziendali.<\/p><p>Grazie alla nostra consolidata esperienza e alle nostre proposte formative siamo in grado di condurre la formazione in un ciclico percorso di sviluppo qualitativo, esaltandone il contributo al business aziendale.<\/p><p>Supportiamo aziende e privati nella realizzazione di iniziative finanziate dal Fondo Sociale Europeo e possiamo aiutarti nella gestione con i Fondi Interprofessionali e con particolare riferimento a: <strong>Fondimpresa<\/strong>, <strong>Formazienda<\/strong> e <strong>Formatemp.<\/strong> La nostra pluriennale esperienza nella gestione, nella realizzazione e nella rendicontazione dei Piani Formativi Finanziati, ti aiuter\u00e0 ad abbattere i costi legati alla formazione del personale, permettendoti di consolidare ed acquisire nuove conoscenze, distinguendoti dalle altre aziende.<\/p>\t\t\t\t\t\t\t\t<\/div>\n\t\t\t\t<\/div>\n\t\t\t\t\t<\/div>\n\t\t<\/div>\n\t\t\t\t<div class=\"elementor-column elementor-col-50 elementor-top-column elementor-element elementor-element-3cdf544e\" data-id=\"3cdf544e\" data-element_type=\"column\" data-settings=\"{&quot;background_background&quot;:&quot;classic&quot;}\">\n\t\t\t<div class=\"elementor-widget-wrap elementor-element-populated\">\n\t\t\t\t\t\t<div class=\"elementor-element elementor-element-776a85 elementor-widget elementor-widget-spacer\" data-id=\"776a85\" data-element_type=\"widget\" data-widget_type=\"spacer.default\">\n\t\t\t\t<div class=\"elementor-widget-container\">\n\t\t\t\t\t\t\t<div class=\"elementor-spacer\">\n\t\t\t<div class=\"elementor-spacer-inner\"><\/div>\n\t\t<\/div>\n\t\t\t\t\t\t<\/div>\n\t\t\t\t<\/div>\n\t\t\t\t\t<\/div>\n\t\t<\/div>\n\t\t\t\t\t<\/div>\n\t\t<\/section>\n\t\t\t\t<section class=\"elementor-section elementor-top-section elementor-element elementor-element-1befdc7 elementor-section-boxed elementor-section-height-default elementor-section-height-default\" data-id=\"1befdc7\" data-element_type=\"section\">\n\t\t\t\t\t\t<div class=\"elementor-container elementor-column-gap-default\">\n\t\t\t\t\t<div class=\"elementor-column elementor-col-50 elementor-top-column elementor-element elementor-element-679deda\" data-id=\"679deda\" data-element_type=\"column\" data-settings=\"{&quot;background_background&quot;:&quot;classic&quot;}\">\n\t\t\t<div class=\"elementor-widget-wrap elementor-element-populated\">\n\t\t\t\t\t\t<div class=\"elementor-element elementor-element-318de7d elementor-widget elementor-widget-spacer\" data-id=\"318de7d\" data-element_type=\"widget\" data-widget_type=\"spacer.default\">\n\t\t\t\t<div class=\"elementor-widget-container\">\n\t\t\t\t\t\t\t<div class=\"elementor-spacer\">\n\t\t\t<div class=\"elementor-spacer-inner\"><\/div>\n\t\t<\/div>\n\t\t\t\t\t\t<\/div>\n\t\t\t\t<\/div>\n\t\t\t\t\t<\/div>\n\t\t<\/div>\n\t\t\t\t<div class=\"elementor-column elementor-col-50 elementor-top-column elementor-element elementor-element-f308e5d\" data-id=\"f308e5d\" data-element_type=\"column\">\n\t\t\t<div class=\"elementor-widget-wrap elementor-element-populated\">\n\t\t\t\t\t\t<div class=\"elementor-element elementor-element-4d4afb2 elementor-widget elementor-widget-heading\" data-id=\"4d4afb2\" data-element_type=\"widget\" data-widget_type=\"heading.default\">\n\t\t\t\t<div class=\"elementor-widget-container\">\n\t\t\t\t\t<h6 class=\"elementor-heading-title elementor-size-default\">Il talento ti fa vincere una partita. L\u2019intelligenza e il lavoro di squadra ti fanno vincere un campionato\n<br>\nMichael Jordan<\/h6>\t\t\t\t<\/div>\n\t\t\t\t<\/div>\n\t\t\t\t<div class=\"elementor-element elementor-element-068e894 elementor-widget elementor-widget-text-editor\" data-id=\"068e894\" data-element_type=\"widget\" data-widget_type=\"text-editor.default\">\n\t\t\t\t<div class=\"elementor-widget-container\">\n\t\t\t\t\t\t\t\t\t<p>\u00a0<\/p><p>Da oltre 20 anni, Indar Formazione e Sviluppo opera nel settore della formazione professionale.<\/p><p>Lo staff \u00e8 composto da tutor di formazione, progettisti, docenti di sicurezza e di primo soccorso, consulenti e professionisti nel campo della comunicazione e del <em>business process improvement.<\/em><\/p><p>Un nutrito numero di competenze acquisite negli anni, in continua crescita, capace di venire incontro alle mutevoli necessit\u00e0 dei nostri corsisti e dei nostri clienti.<\/p><p>Un organico caratterizzato dalle proprie individualit\u00e0, ma accomunato da un obiettivo comune: essere al servizio delle aziende svolgendo il proprio operato con la precisione e la professionalit\u00e0 che hanno contraddistinto l\u2019ente in vent\u2019anni di attivit\u00e0 formativa.<\/p><p>I tutor di Indar Formazione e Sviluppo, accreditati da APAFORM, sono pronti ad illustrare le offerte formative in partenza e sono sempre disponibili ad un colloquio individuale per instaurare una vincente alchimia formativa capace di media tra le esigenze degli allievi e dei docenti garantendo <em>outcome <\/em>tangibili.<\/p>\t\t\t\t\t\t\t\t<\/div>\n\t\t\t\t<\/div>\n\t\t\t\t\t<\/div>\n\t\t<\/div>\n\t\t\t\t\t<\/div>\n\t\t<\/section>\n\t\t\t\t<section class=\"elementor-section elementor-top-section elementor-element elementor-element-19d02b4 elementor-section-boxed elementor-section-height-default elementor-section-height-default\" data-id=\"19d02b4\" data-element_type=\"section\" data-settings=\"{&quot;background_background&quot;:&quot;classic&quot;}\">\n\t\t\t\t\t\t<div class=\"elementor-container elementor-column-gap-default\">\n\t\t\t\t\t<div class=\"elementor-column elementor-col-100 elementor-top-column elementor-element elementor-element-3b472e6\" data-id=\"3b472e6\" data-element_type=\"column\">\n\t\t\t<div class=\"elementor-widget-wrap elementor-element-populated\">\n\t\t\t\t\t\t<section class=\"elementor-section elementor-inner-section elementor-element elementor-element-615ac6f9 elementor-section-full_width elementor-section-height-default elementor-section-height-default\" data-id=\"615ac6f9\" data-element_type=\"section\">\n\t\t\t\t\t\t<div class=\"elementor-container elementor-column-gap-default\">\n\t\t\t\t\t<div class=\"elementor-column elementor-col-33 elementor-inner-column elementor-element elementor-element-31677f6b\" data-id=\"31677f6b\" data-element_type=\"column\">\n\t\t\t<div class=\"elementor-widget-wrap elementor-element-populated\">\n\t\t\t\t\t\t<div class=\"elementor-element elementor-element-6eb9bf12 elementor-position-top elementor-widget elementor-widget-image-box\" data-id=\"6eb9bf12\" data-element_type=\"widget\" data-widget_type=\"image-box.default\">\n\t\t\t\t<div class=\"elementor-widget-container\">\n\t\t\t\t\t<div class=\"elementor-image-box-wrapper\"><figure class=\"elementor-image-box-img\"><img fetchpriority=\"high\" decoding=\"async\" width=\"1726\" height=\"1726\" src=\"https:\/\/www.indarfor.it\/wp-content\/uploads\/2021\/10\/icon-power-of-knowledge-min.png\" class=\"attachment-full size-full wp-image-80\" alt=\"\" srcset=\"https:\/\/www.indarfor.it\/wp-content\/uploads\/2021\/10\/icon-power-of-knowledge-min.png 1726w, https:\/\/www.indarfor.it\/wp-content\/uploads\/2021\/10\/icon-power-of-knowledge-min-300x300.png 300w, https:\/\/www.indarfor.it\/wp-content\/uploads\/2021\/10\/icon-power-of-knowledge-min-1024x1024.png 1024w, https:\/\/www.indarfor.it\/wp-content\/uploads\/2021\/10\/icon-power-of-knowledge-min-150x150.png 150w, https:\/\/www.indarfor.it\/wp-content\/uploads\/2021\/10\/icon-power-of-knowledge-min-768x768.png 768w, https:\/\/www.indarfor.it\/wp-content\/uploads\/2021\/10\/icon-power-of-knowledge-min-1536x1536.png 1536w\" sizes=\"(max-width: 1726px) 100vw, 1726px\" \/><\/figure><div class=\"elementor-image-box-content\"><h5 class=\"elementor-image-box-title\">I benefici della formazione in chiave strategica<\/h5><p class=\"elementor-image-box-description\">Aumento dell\u2019impegno dei dipendenti, fidelizzazione, riduzione dell\u2019assenteismo, perfezionamento dei servizi erogati ed aumento della produttivit\u00e0 e delle vendite<\/p><\/div><\/div>\t\t\t\t<\/div>\n\t\t\t\t<\/div>\n\t\t\t\t\t<\/div>\n\t\t<\/div>\n\t\t\t\t<div class=\"elementor-column elementor-col-33 elementor-inner-column elementor-element elementor-element-4c9fa654\" data-id=\"4c9fa654\" data-element_type=\"column\">\n\t\t\t<div class=\"elementor-widget-wrap elementor-element-populated\">\n\t\t\t\t\t\t<div class=\"elementor-element elementor-element-480ce19f elementor-position-top elementor-widget elementor-widget-image-box\" data-id=\"480ce19f\" data-element_type=\"widget\" data-widget_type=\"image-box.default\">\n\t\t\t\t<div class=\"elementor-widget-container\">\n\t\t\t\t\t<div class=\"elementor-image-box-wrapper\"><figure class=\"elementor-image-box-img\"><img decoding=\"async\" width=\"1726\" height=\"1726\" src=\"https:\/\/www.indarfor.it\/wp-content\/uploads\/2021\/10\/icon-online-courses-min.png\" class=\"attachment-full size-full wp-image-95\" alt=\"\" srcset=\"https:\/\/www.indarfor.it\/wp-content\/uploads\/2021\/10\/icon-online-courses-min.png 1726w, https:\/\/www.indarfor.it\/wp-content\/uploads\/2021\/10\/icon-online-courses-min-300x300.png 300w, https:\/\/www.indarfor.it\/wp-content\/uploads\/2021\/10\/icon-online-courses-min-1024x1024.png 1024w, https:\/\/www.indarfor.it\/wp-content\/uploads\/2021\/10\/icon-online-courses-min-150x150.png 150w, https:\/\/www.indarfor.it\/wp-content\/uploads\/2021\/10\/icon-online-courses-min-768x768.png 768w, https:\/\/www.indarfor.it\/wp-content\/uploads\/2021\/10\/icon-online-courses-min-1536x1536.png 1536w\" sizes=\"(max-width: 1726px) 100vw, 1726px\" \/><\/figure><div class=\"elementor-image-box-content\"><h5 class=\"elementor-image-box-title\">I nostri ambiti formativi<\/h5><p class=\"elementor-image-box-description\">gestione aziendale, salute e sicurezza, sviluppo personale, lingue straniere, competenze informatiche, Innovazione e competitivit\u00e0<\/p><\/div><\/div>\t\t\t\t<\/div>\n\t\t\t\t<\/div>\n\t\t\t\t\t<\/div>\n\t\t<\/div>\n\t\t\t\t<div class=\"elementor-column elementor-col-33 elementor-inner-column elementor-element elementor-element-7012c4b4\" data-id=\"7012c4b4\" data-element_type=\"column\">\n\t\t\t<div class=\"elementor-widget-wrap elementor-element-populated\">\n\t\t\t\t\t\t<div class=\"elementor-element elementor-element-7362218 elementor-position-top elementor-widget elementor-widget-image-box\" data-id=\"7362218\" data-element_type=\"widget\" data-widget_type=\"image-box.default\">\n\t\t\t\t<div class=\"elementor-widget-container\">\n\t\t\t\t\t<div class=\"elementor-image-box-wrapper\"><figure class=\"elementor-image-box-img\"><img decoding=\"async\" width=\"200\" height=\"200\" src=\"https:\/\/www.indarfor.it\/wp-content\/uploads\/2021\/10\/icon-community-min.png\" class=\"attachment-full size-full wp-image-111\" alt=\"\" srcset=\"https:\/\/www.indarfor.it\/wp-content\/uploads\/2021\/10\/icon-community-min.png 200w, https:\/\/www.indarfor.it\/wp-content\/uploads\/2021\/10\/icon-community-min-150x150.png 150w\" sizes=\"(max-width: 200px) 100vw, 200px\" \/><\/figure><div class=\"elementor-image-box-content\"><h5 class=\"elementor-image-box-title\">Alcune delle nostre proposte formative<\/h5><p class=\"elementor-image-box-description\">Operatore Socio-Sanitario, Ergonomia e postura sul luogo di lavoro, Innovazione di processo e Lean Organization, Il lavoro in equipe e la gestione del Burn-out, Lean Organization per l'implementazione dell'azienda, Promuovere la leadership personale e un time management efficace, Controllo di gestione e Business Intelligence, Tecniche di comunicazione efficace con il cliente.<\/p><\/div><\/div>\t\t\t\t<\/div>\n\t\t\t\t<\/div>\n\t\t\t\t\t<\/div>\n\t\t<\/div>\n\t\t\t\t\t<\/div>\n\t\t<\/section>\n\t\t\t\t\t<\/div>\n\t\t<\/div>\n\t\t\t\t\t<\/div>\n\t\t<\/section>\n\t\t\t\t<\/div>\n\t\t","protected":false},"excerpt":{"rendered":"<p>Indar Formazione e Sviluppo Chi siamo INDAR Formazione e Sviluppo \u00e8 ente di Formazione Professionale che dal 2001 ha ottenuto l\u2019Accreditamento nella formazione continua e permanente dalla Regione Friuli Venezia Giulia occupandosi di formazione, sicurezza e qualit\u00e0, con l\u2019obiettivo di essere a fianco delle imprese nella propria crescita e sviluppo. Accreditati dalla Regione FVG ed [&hellip;]<\/p>\n","protected":false},"author":1,"featured_media":0,"parent":0,"menu_order":0,"comment_status":"closed","ping_status":"closed","template":"elementor_header_footer","meta":{"footnotes":""},"class_list":["post-227","page","type-page","status-publish","hentry"],"yoast_head":"<!-- This site is optimized with the Yoast SEO plugin v24.7 - https:\/\/yoast.com\/wordpress\/plugins\/seo\/ -->\n<title>Indar - Indar Formazione &amp; Sviluppo<\/title>\n<meta name=\"robots\" content=\"index, follow, max-snippet:-1, max-image-preview:large, max-video-preview:-1\" \/>\n<link rel=\"canonical\" href=\"https:\/\/www.indarfor.it\/index.php\/indar\/\" \/>\n<meta property=\"og:locale\" content=\"it_IT\" \/>\n<meta property=\"og:type\" content=\"article\" \/>\n<meta property=\"og:title\" content=\"Indar - Indar Formazione &amp; Sviluppo\" \/>\n<meta property=\"og:description\" content=\"Indar Formazione e Sviluppo Chi siamo INDAR Formazione e Sviluppo \u00e8 ente di Formazione Professionale che dal 2001 ha ottenuto l\u2019Accreditamento nella formazione continua e permanente dalla Regione Friuli Venezia Giulia occupandosi di formazione, sicurezza e qualit\u00e0, con l\u2019obiettivo di essere a fianco delle imprese nella propria crescita e sviluppo. Accreditati dalla Regione FVG ed [&hellip;]\" \/>\n<meta property=\"og:url\" content=\"https:\/\/www.indarfor.it\/index.php\/indar\/\" \/>\n<meta property=\"og:site_name\" content=\"Indar Formazione &amp; Sviluppo\" \/>\n<meta property=\"article:modified_time\" content=\"2021-10-26T09:46:45+00:00\" \/>\n<meta property=\"og:image\" content=\"https:\/\/www.indarfor.it\/wp-content\/uploads\/2021\/10\/icon-power-of-knowledge-min.png\" \/>\n<meta name=\"twitter:card\" content=\"summary_large_image\" \/>\n<meta name=\"twitter:label1\" content=\"Tempo di lettura stimato\" \/>\n\t<meta name=\"twitter:data1\" content=\"4 minuti\" \/>\n<script type=\"application\/ld+json\" class=\"yoast-schema-graph\">{\"@context\":\"https:\/\/schema.org\",\"@graph\":[{\"@type\":\"WebPage\",\"@id\":\"https:\/\/www.indarfor.it\/index.php\/indar\/\",\"url\":\"https:\/\/www.indarfor.it\/index.php\/indar\/\",\"name\":\"Indar - Indar Formazione &amp; Sviluppo\",\"isPartOf\":{\"@id\":\"https:\/\/www.indarfor.it\/#website\"},\"primaryImageOfPage\":{\"@id\":\"https:\/\/www.indarfor.it\/index.php\/indar\/#primaryimage\"},\"image\":{\"@id\":\"https:\/\/www.indarfor.it\/index.php\/indar\/#primaryimage\"},\"thumbnailUrl\":\"https:\/\/www.indarfor.it\/wp-content\/uploads\/2021\/10\/icon-power-of-knowledge-min.png\",\"datePublished\":\"2021-10-11T08:39:44+00:00\",\"dateModified\":\"2021-10-26T09:46:45+00:00\",\"breadcrumb\":{\"@id\":\"https:\/\/www.indarfor.it\/index.php\/indar\/#breadcrumb\"},\"inLanguage\":\"it-IT\",\"potentialAction\":[{\"@type\":\"ReadAction\",\"target\":[\"https:\/\/www.indarfor.it\/index.php\/indar\/\"]}]},{\"@type\":\"ImageObject\",\"inLanguage\":\"it-IT\",\"@id\":\"https:\/\/www.indarfor.it\/index.php\/indar\/#primaryimage\",\"url\":\"https:\/\/www.indarfor.it\/wp-content\/uploads\/2021\/10\/icon-power-of-knowledge-min.png\",\"contentUrl\":\"https:\/\/www.indarfor.it\/wp-content\/uploads\/2021\/10\/icon-power-of-knowledge-min.png\",\"width\":1726,\"height\":1726},{\"@type\":\"BreadcrumbList\",\"@id\":\"https:\/\/www.indarfor.it\/index.php\/indar\/#breadcrumb\",\"itemListElement\":[{\"@type\":\"ListItem\",\"position\":1,\"name\":\"Home\",\"item\":\"https:\/\/www.indarfor.it\/\"},{\"@type\":\"ListItem\",\"position\":2,\"name\":\"Indar\"}]},{\"@type\":\"WebSite\",\"@id\":\"https:\/\/www.indarfor.it\/#website\",\"url\":\"https:\/\/www.indarfor.it\/\",\"name\":\"Indar Formazione &amp; Sviluppo\",\"description\":\"Ente di formazione\",\"potentialAction\":[{\"@type\":\"SearchAction\",\"target\":{\"@type\":\"EntryPoint\",\"urlTemplate\":\"https:\/\/www.indarfor.it\/?s={search_term_string}\"},\"query-input\":{\"@type\":\"PropertyValueSpecification\",\"valueRequired\":true,\"valueName\":\"search_term_string\"}}],\"inLanguage\":\"it-IT\"}]}<\/script>\n<!-- \/ Yoast SEO plugin. -->","yoast_head_json":{"title":"Indar - Indar Formazione &amp; Sviluppo","robots":{"index":"index","follow":"follow","max-snippet":"max-snippet:-1","max-image-preview":"max-image-preview:large","max-video-preview":"max-video-preview:-1"},"canonical":"https:\/\/www.indarfor.it\/index.php\/indar\/","og_locale":"it_IT","og_type":"article","og_title":"Indar - Indar Formazione &amp; Sviluppo","og_description":"Indar Formazione e Sviluppo Chi siamo INDAR Formazione e Sviluppo \u00e8 ente di Formazione Professionale che dal 2001 ha ottenuto l\u2019Accreditamento nella formazione continua e permanente dalla Regione Friuli Venezia Giulia occupandosi di formazione, sicurezza e qualit\u00e0, con l\u2019obiettivo di essere a fianco delle imprese nella propria crescita e sviluppo. Accreditati dalla Regione FVG ed [&hellip;]","og_url":"https:\/\/www.indarfor.it\/index.php\/indar\/","og_site_name":"Indar Formazione &amp; Sviluppo","article_modified_time":"2021-10-26T09:46:45+00:00","og_image":[{"url":"https:\/\/www.indarfor.it\/wp-content\/uploads\/2021\/10\/icon-power-of-knowledge-min.png","type":"","width":"","height":""}],"twitter_card":"summary_large_image","twitter_misc":{"Tempo di lettura stimato":"4 minuti"},"schema":{"@context":"https:\/\/schema.org","@graph":[{"@type":"WebPage","@id":"https:\/\/www.indarfor.it\/index.php\/indar\/","url":"https:\/\/www.indarfor.it\/index.php\/indar\/","name":"Indar - Indar Formazione &amp; Sviluppo","isPartOf":{"@id":"https:\/\/www.indarfor.it\/#website"},"primaryImageOfPage":{"@id":"https:\/\/www.indarfor.it\/index.php\/indar\/#primaryimage"},"image":{"@id":"https:\/\/www.indarfor.it\/index.php\/indar\/#primaryimage"},"thumbnailUrl":"https:\/\/www.indarfor.it\/wp-content\/uploads\/2021\/10\/icon-power-of-knowledge-min.png","datePublished":"2021-10-11T08:39:44+00:00","dateModified":"2021-10-26T09:46:45+00:00","breadcrumb":{"@id":"https:\/\/www.indarfor.it\/index.php\/indar\/#breadcrumb"},"inLanguage":"it-IT","potentialAction":[{"@type":"ReadAction","target":["https:\/\/www.indarfor.it\/index.php\/indar\/"]}]},{"@type":"ImageObject","inLanguage":"it-IT","@id":"https:\/\/www.indarfor.it\/index.php\/indar\/#primaryimage","url":"https:\/\/www.indarfor.it\/wp-content\/uploads\/2021\/10\/icon-power-of-knowledge-min.png","contentUrl":"https:\/\/www.indarfor.it\/wp-content\/uploads\/2021\/10\/icon-power-of-knowledge-min.png","width":1726,"height":1726},{"@type":"BreadcrumbList","@id":"https:\/\/www.indarfor.it\/index.php\/indar\/#breadcrumb","itemListElement":[{"@type":"ListItem","position":1,"name":"Home","item":"https:\/\/www.indarfor.it\/"},{"@type":"ListItem","position":2,"name":"Indar"}]},{"@type":"WebSite","@id":"https:\/\/www.indarfor.it\/#website","url":"https:\/\/www.indarfor.it\/","name":"Indar Formazione &amp; Sviluppo","description":"Ente di formazione","potentialAction":[{"@type":"SearchAction","target":{"@type":"EntryPoint","urlTemplate":"https:\/\/www.indarfor.it\/?s={search_term_string}"},"query-input":{"@type":"PropertyValueSpecification","valueRequired":true,"valueName":"search_term_string"}}],"inLanguage":"it-IT"}]}},"_links":{"self":[{"href":"https:\/\/www.indarfor.it\/index.php\/wp-json\/wp\/v2\/pages\/227","targetHints":{"allow":["GET"]}}],"collection":[{"href":"https:\/\/www.indarfor.it\/index.php\/wp-json\/wp\/v2\/pages"}],"about":[{"href":"https:\/\/www.indarfor.it\/index.php\/wp-json\/wp\/v2\/types\/page"}],"author":[{"embeddable":true,"href":"https:\/\/www.indarfor.it\/index.php\/wp-json\/wp\/v2\/users\/1"}],"replies":[{"embeddable":true,"href":"https:\/\/www.indarfor.it\/index.php\/wp-json\/wp\/v2\/comments?post=227"}],"version-history":[{"count":29,"href":"https:\/\/www.indarfor.it\/index.php\/wp-json\/wp\/v2\/pages\/227\/revisions"}],"predecessor-version":[{"id":3549,"href":"https:\/\/www.indarfor.it\/index.php\/wp-json\/wp\/v2\/pages\/227\/revisions\/3549"}],"wp:attachment":[{"href":"https:\/\/www.indarfor.it\/index.php\/wp-json\/wp\/v2\/media?parent=227"}],"curies":[{"name":"wp","href":"https:\/\/api.w.org\/{rel}","templated":true}]}}